{"id":42944,"date":"2025-05-26T11:08:52","date_gmt":"2025-05-26T11:08:52","guid":{"rendered":"https:\/\/www.revinawell.com\/?page_id=42944"},"modified":"2025-07-02T14:03:22","modified_gmt":"2025-07-02T14:03:22","slug":"alveolar-detoks-programi","status":"publish","type":"page","link":"https:\/\/www.revinawell.com\/en\/alveolar-detoks-programi\/","title":{"rendered":"Alveolar Detox Program"},"content":{"rendered":"<div data-elementor-type=\"wp-page\" data-elementor-id=\"42944\" class=\"elementor elementor-42944\">\n\t\t\t\t\t\t<section class=\"elementor-section elementor-top-section elementor-element elementor-element-4fd5279 elementor-section-boxed elementor-section-height-default elementor-section-height-default wpr-particle-no wpr-jarallax-no wpr-parallax-no wpr-sticky-section-no sc_fly_static\" data-id=\"4fd5279\" data-element_type=\"section\">\n\t\t\t\t\t\t<div class=\"elementor-container elementor-column-gap-extended\">\n\t\t\t\t\t<div class=\"elementor-column elementor-col-100 elementor-top-column elementor-element elementor-element-1403eb3 sc_content_align_inherit sc_layouts_column_icons_position_left sc_fly_static\" data-id=\"1403eb3\" data-element_type=\"column\">\n\t\t\t<div class=\"elementor-widget-wrap elementor-element-populated\">\n\t\t\t\t\t\t<div class=\"elementor-element elementor-element-beb86bf sc_height_small sc_layouts_hide_on_tablet sc_layouts_hide_on_mobile sc_fly_static elementor-widget elementor-widget-spacer\" data-id=\"beb86bf\" data-element_type=\"widget\" data-widget_type=\"spacer.default\">\n\t\t\t\t<div class=\"elementor-widget-container\">\n\t\t\t\t\t\t\t<div class=\"elementor-spacer\">\n\t\t\t<div class=\"elementor-spacer-inner\"><\/div>\n\t\t<\/div>\n\t\t\t\t\t\t<\/div>\n\t\t\t\t<\/div>\n\t\t\t\t<div class=\"elementor-element elementor-element-9046919 sc_fly_static elementor-widget elementor-widget-spacer\" data-id=\"9046919\" data-element_type=\"widget\" data-widget_type=\"spacer.default\">\n\t\t\t\t<div class=\"elementor-widget-container\">\n\t\t\t\t\t\t\t<div class=\"elementor-spacer\">\n\t\t\t<div class=\"elementor-spacer-inner\"><\/div>\n\t\t<\/div>\n\t\t\t\t\t\t<\/div>\n\t\t\t\t<\/div>\n\t\t\t\t<div data-animation-type=\"block\" class=\"elementor-element elementor-element-d256f52 animated-slow elementor-widget-tablet__width-initial animation_type_block sc_fly_static elementor-invisible elementor-widget elementor-widget-trx_sc_title\" data-id=\"d256f52\" data-element_type=\"widget\" data-settings=\"{&quot;_animation&quot;:&quot;beyoga-fadeinup&quot;}\" data-widget_type=\"trx_sc_title.default\">\n\t\t\t\t<div class=\"elementor-widget-container\">\n\t\t\t\t\t<div\t\tclass=\"sc_title sc_title_default\" ><h1 class=\"sc_item_title sc_title_title sc_item_title_style_default sc_item_title_tag\"\n\t\t\t><span class=\"sc_item_title_text\"><span class=\"gradient_anim\">Freshen Your Breath, <\/span> Purify Your Mind<\/span><\/h1><\/div>\t\t\t\t<\/div>\n\t\t\t\t<\/div>\n\t\t\t\t<div class=\"elementor-element elementor-element-4009a5a sc_fly_static elementor-widget elementor-widget-spacer\" data-id=\"4009a5a\" data-element_type=\"widget\" data-widget_type=\"spacer.default\">\n\t\t\t\t<div class=\"elementor-widget-container\">\n\t\t\t\t\t\t\t<div class=\"elementor-spacer\">\n\t\t\t<div class=\"elementor-spacer-inner\"><\/div>\n\t\t<\/div>\n\t\t\t\t\t\t<\/div>\n\t\t\t\t<\/div>\n\t\t\t\t\t<\/div>\n\t\t<\/div>\n\t\t\t\t\t<\/div>\n\t\t<\/section>\n\t\t\t\t<section class=\"elementor-section elementor-top-section elementor-element elementor-element-c9352ac elementor-section-boxed elementor-section-height-default elementor-section-height-default wpr-particle-no wpr-jarallax-no wpr-parallax-no wpr-sticky-section-no sc_fly_static\" data-id=\"c9352ac\" data-element_type=\"section\">\n\t\t\t\t\t\t<div class=\"elementor-container elementor-column-gap-extended\">\n\t\t\t\t\t<div class=\"elementor-column elementor-col-100 elementor-top-column elementor-element elementor-element-188f475 sc_content_align_inherit sc_layouts_column_icons_position_left sc_fly_static\" data-id=\"188f475\" data-element_type=\"column\">\n\t\t\t<div class=\"elementor-widget-wrap elementor-element-populated\">\n\t\t\t\t\t\t<div class=\"elementor-element elementor-element-4601662 sc_height_small sc_layouts_hide_on_tablet sc_layouts_hide_on_mobile sc_fly_static elementor-widget elementor-widget-spacer\" data-id=\"4601662\" data-element_type=\"widget\" data-widget_type=\"spacer.default\">\n\t\t\t\t<div class=\"elementor-widget-container\">\n\t\t\t\t\t\t\t<div class=\"elementor-spacer\">\n\t\t\t<div class=\"elementor-spacer-inner\"><\/div>\n\t\t<\/div>\n\t\t\t\t\t\t<\/div>\n\t\t\t\t<\/div>\n\t\t\t\t\t<\/div>\n\t\t<\/div>\n\t\t\t\t\t<\/div>\n\t\t<\/section>\n\t\t\t\t<section class=\"elementor-section elementor-top-section elementor-element elementor-element-42f886c elementor-section-boxed elementor-section-height-default elementor-section-height-default wpr-particle-no wpr-jarallax-no wpr-parallax-no wpr-sticky-section-no sc_fly_static\" data-id=\"42f886c\" data-element_type=\"section\">\n\t\t\t\t\t\t<div class=\"elementor-container elementor-column-gap-extended\">\n\t\t\t\t\t<div class=\"elementor-column elementor-col-100 elementor-top-column elementor-element elementor-element-94ee0ef sc_content_align_inherit sc_layouts_column_icons_position_left sc_fly_static\" data-id=\"94ee0ef\" data-element_type=\"column\">\n\t\t\t<div class=\"elementor-widget-wrap elementor-element-populated\">\n\t\t\t\t\t\t<div class=\"elementor-element elementor-element-1b42671 elementor-widget-tablet__width-initial sc_fly_static elementor-widget elementor-widget-image\" data-id=\"1b42671\" data-element_type=\"widget\" data-widget_type=\"image.default\">\n\t\t\t\t<div class=\"elementor-widget-container\">\n\t\t\t\t\t\t\t\t\t\t\t\t\t\t\t<img fetchpriority=\"high\" decoding=\"async\" width=\"1024\" height=\"607\" src=\"https:\/\/www.revinawell.com\/wp-content\/uploads\/2025\/07\/Aveolar-Programi-1024x607.png\" class=\"attachment-large size-large wp-image-43322\" alt=\"\" srcset=\"https:\/\/www.revinawell.com\/wp-content\/uploads\/2025\/07\/Aveolar-Programi-1024x607.png 1024w, https:\/\/www.revinawell.com\/wp-content\/uploads\/2025\/07\/Aveolar-Programi-300x178.png 300w, https:\/\/www.revinawell.com\/wp-content\/uploads\/2025\/07\/Aveolar-Programi-768x455.png 768w, https:\/\/www.revinawell.com\/wp-content\/uploads\/2025\/07\/Aveolar-Programi-1536x911.png 1536w, https:\/\/www.revinawell.com\/wp-content\/uploads\/2025\/07\/Aveolar-Programi-18x12.png 18w, https:\/\/www.revinawell.com\/wp-content\/uploads\/2025\/07\/Aveolar-Programi-370x219.png 370w, https:\/\/www.revinawell.com\/wp-content\/uploads\/2025\/07\/Aveolar-Programi-840x498.png 840w, https:\/\/www.revinawell.com\/wp-content\/uploads\/2025\/07\/Aveolar-Programi-410x243.png 410w, https:\/\/www.revinawell.com\/wp-content\/uploads\/2025\/07\/Aveolar-Programi-600x356.png 600w, https:\/\/www.revinawell.com\/wp-content\/uploads\/2025\/07\/Aveolar-Programi.png 1705w\" sizes=\"(max-width: 1024px) 100vw, 1024px\" \/>\t\t\t\t\t\t\t\t\t\t\t\t\t\t\t<\/div>\n\t\t\t\t<\/div>\n\t\t\t\t<div class=\"elementor-element elementor-element-374023b sc_height_small sc_layouts_hide_on_tablet sc_layouts_hide_on_mobile sc_fly_static elementor-widget elementor-widget-spacer\" data-id=\"374023b\" data-element_type=\"widget\" data-widget_type=\"spacer.default\">\n\t\t\t\t<div class=\"elementor-widget-container\">\n\t\t\t\t\t\t\t<div class=\"elementor-spacer\">\n\t\t\t<div class=\"elementor-spacer-inner\"><\/div>\n\t\t<\/div>\n\t\t\t\t\t\t<\/div>\n\t\t\t\t<\/div>\n\t\t\t\t<div class=\"elementor-element elementor-element-4a126be sc_fly_static elementor-widget elementor-widget-text-editor\" data-id=\"4a126be\" data-element_type=\"widget\" data-widget_type=\"text-editor.default\">\n\t\t\t\t<div class=\"elementor-widget-container\">\n\t\t\t\t\t\t\t\t\t<p>Factors such as air pollution, cigarette smoke, exposure to toxins and chronic stress brought on by city life tire our respiratory system over time, reduce lung capacity and negatively affect overall body health. <strong>Alveolar Detox Program,<\/strong> It is specially designed for those who want to relax their respiratory tract, reduce toxin load and provide a mental-refreshing balance.<\/p><p data-start=\"661\" data-end=\"1082\">Our Aveolar Program begins with a doctor&#039;s examination, and an evaluation of the individual&#039;s respiratory status, immune system, and lifestyle habits is used to develop the most appropriate detox plan. Salt room sessions aim to purify the lungs and relax the airways by inhaling microparticles of natural salt crystals. Ozone sauna treatments also help eliminate toxins through the skin and stimulate the immune system.<\/p><p data-start=\"1084\" data-end=\"1356\"><strong>This holistic program, complete with sauna, sodium inhaler and breathing therapies, aims to purify the body not only physically but also mentally.<\/strong> The most frequently mentioned effects by participants include improved breathing, calmer minds, and a lighter body.<\/p><p data-start=\"1358\" data-end=\"1592\">If you want to renew your breathing, especially if you are exposed to smoking, air pollution, chronic fatigue or busy city life, <strong>With the Alveolar Detox Program, both inner relief and a fresh start await you.<\/strong><\/p>\t\t\t\t\t\t\t\t<\/div>\n\t\t\t\t<\/div>\n\t\t\t\t<div class=\"elementor-element elementor-element-a7c8b6e sc_height_small sc_layouts_hide_on_tablet sc_layouts_hide_on_mobile sc_fly_static elementor-widget elementor-widget-spacer\" data-id=\"a7c8b6e\" data-element_type=\"widget\" data-widget_type=\"spacer.default\">\n\t\t\t\t<div class=\"elementor-widget-container\">\n\t\t\t\t\t\t\t<div class=\"elementor-spacer\">\n\t\t\t<div class=\"elementor-spacer-inner\"><\/div>\n\t\t<\/div>\n\t\t\t\t\t\t<\/div>\n\t\t\t\t<\/div>\n\t\t\t\t\t<\/div>\n\t\t<\/div>\n\t\t\t\t\t<\/div>\n\t\t<\/section>\n\t\t\t\t<section class=\"elementor-section elementor-top-section elementor-element elementor-element-fc702c2 scheme_default elementor-section-boxed elementor-section-height-default elementor-section-height-default wpr-particle-no wpr-jarallax-no wpr-parallax-no wpr-sticky-section-no sc_fly_static\" data-id=\"fc702c2\" data-element_type=\"section\" data-settings=\"{&quot;background_background&quot;:&quot;classic&quot;}\">\n\t\t\t\t\t\t<div class=\"elementor-container elementor-column-gap-extended\">\n\t\t\t\t\t<div class=\"elementor-column elementor-col-50 elementor-top-column elementor-element elementor-element-3719ddd sc_content_align_inherit sc_layouts_column_icons_position_left sc_fly_static\" data-id=\"3719ddd\" data-element_type=\"column\">\n\t\t\t<div class=\"elementor-widget-wrap elementor-element-populated\">\n\t\t\t\t\t\t<div class=\"elementor-element elementor-element-3b1c106 sc_layouts_hide_on_tablet sc_layouts_hide_on_mobile sc_fly_static elementor-widget elementor-widget-spacer\" data-id=\"3b1c106\" data-element_type=\"widget\" data-widget_type=\"spacer.default\">\n\t\t\t\t<div class=\"elementor-widget-container\">\n\t\t\t\t\t\t\t<div class=\"elementor-spacer\">\n\t\t\t<div class=\"elementor-spacer-inner\"><\/div>\n\t\t<\/div>\n\t\t\t\t\t\t<\/div>\n\t\t\t\t<\/div>\n\t\t\t\t<div class=\"elementor-element elementor-element-1b47cf6 sc_fly_static elementor-widget elementor-widget-spacer\" data-id=\"1b47cf6\" data-element_type=\"widget\" data-widget_type=\"spacer.default\">\n\t\t\t\t<div class=\"elementor-widget-container\">\n\t\t\t\t\t\t\t<div class=\"elementor-spacer\">\n\t\t\t<div class=\"elementor-spacer-inner\"><\/div>\n\t\t<\/div>\n\t\t\t\t\t\t<\/div>\n\t\t\t\t<\/div>\n\t\t\t\t<div class=\"elementor-element elementor-element-7f47b41 sc_fly_static elementor-widget elementor-widget-trx_sc_title\" data-id=\"7f47b41\" data-element_type=\"widget\" data-widget_type=\"trx_sc_title.default\">\n\t\t\t\t<div class=\"elementor-widget-container\">\n\t\t\t\t\t<div\t\tclass=\"sc_title sc_title_default\" ><h1 class=\"sc_item_title sc_title_title sc_item_title_style_default sc_item_title_tag\"\n\t\t\t><span class=\"sc_item_title_text\">Most Curious Questions<\/span><\/h1><\/div>\t\t\t\t<\/div>\n\t\t\t\t<\/div>\n\t\t\t\t<div class=\"elementor-element elementor-element-12f332d sc_fly_static elementor-widget elementor-widget-spacer\" data-id=\"12f332d\" data-element_type=\"widget\" data-widget_type=\"spacer.default\">\n\t\t\t\t<div class=\"elementor-widget-container\">\n\t\t\t\t\t\t\t<div class=\"elementor-spacer\">\n\t\t\t<div class=\"elementor-spacer-inner\"><\/div>\n\t\t<\/div>\n\t\t\t\t\t\t<\/div>\n\t\t\t\t<\/div>\n\t\t\t\t<div class=\"elementor-element elementor-element-80d7d55 bordered sc_fly_static elementor-widget elementor-widget-accordion\" data-id=\"80d7d55\" data-element_type=\"widget\" data-widget_type=\"accordion.default\">\n\t\t\t\t<div class=\"elementor-widget-container\">\n\t\t\t\t\t\t\t<div class=\"elementor-accordion\">\n\t\t\t\t\t\t\t<div class=\"elementor-accordion-item\">\n\t\t\t\t\t<h6 id=\"elementor-tab-title-1351\" class=\"elementor-tab-title\" data-tab=\"1\" role=\"button\" aria-controls=\"elementor-tab-content-1351\" aria-expanded=\"false\">\n\t\t\t\t\t\t\t\t\t\t\t\t\t<span class=\"elementor-accordion-icon elementor-accordion-icon-left\" aria-hidden=\"true\">\n\t\t\t\t\t\t\t\t\t\t\t\t\t\t\t<span class=\"elementor-accordion-icon-closed\"><i class=\"fas fa-plus\"><\/i><\/span>\n\t\t\t\t\t\t\t\t<span class=\"elementor-accordion-icon-opened\"><i class=\"fas fa-minus\"><\/i><\/span>\n\t\t\t\t\t\t\t\t\t\t\t\t\t\t<\/span>\n\t\t\t\t\t\t\t\t\t\t\t\t<a class=\"elementor-accordion-title\" tabindex=\"0\">I don&#039;t have shortness of breath, but would this program be good for me too?<\/a>\n\t\t\t\t\t<\/h6>\n\t\t\t\t\t<div id=\"elementor-tab-content-1351\" class=\"elementor-tab-content elementor-clearfix\" data-tab=\"1\" role=\"region\" aria-labelledby=\"elementor-tab-title-1351\"><p>Yes. Alveolar Detox is suitable not only for those with respiratory problems, but also for anyone exposed to city air, inhaling cigarette smoke, or simply looking to breathe more deeply and relax mentally.<\/p><\/div>\n\t\t\t\t<\/div>\n\t\t\t\t\t\t\t<div class=\"elementor-accordion-item\">\n\t\t\t\t\t<h6 id=\"elementor-tab-title-1352\" class=\"elementor-tab-title\" data-tab=\"2\" role=\"button\" aria-controls=\"elementor-tab-content-1352\" aria-expanded=\"false\">\n\t\t\t\t\t\t\t\t\t\t\t\t\t<span class=\"elementor-accordion-icon elementor-accordion-icon-left\" aria-hidden=\"true\">\n\t\t\t\t\t\t\t\t\t\t\t\t\t\t\t<span class=\"elementor-accordion-icon-closed\"><i class=\"fas fa-plus\"><\/i><\/span>\n\t\t\t\t\t\t\t\t<span class=\"elementor-accordion-icon-opened\"><i class=\"fas fa-minus\"><\/i><\/span>\n\t\t\t\t\t\t\t\t\t\t\t\t\t\t<\/span>\n\t\t\t\t\t\t\t\t\t\t\t\t<a class=\"elementor-accordion-title\" tabindex=\"0\">Why are so many different applications offered together?<\/a>\n\t\t\t\t\t<\/h6>\n\t\t\t\t\t<div id=\"elementor-tab-content-1352\" class=\"elementor-tab-content elementor-clearfix\" data-tab=\"2\" role=\"region\" aria-labelledby=\"elementor-tab-title-1352\"><p>This is because the program aims to purify not only the breath but also the entire body and mind. The salt room clears the respiratory tract, the ozone sauna flushes toxins from the body, and breathing therapy promotes mental relaxation. Various practices work together to achieve holistic cleansing and renewal.<\/p><\/div>\n\t\t\t\t<\/div>\n\t\t\t\t\t\t\t<div class=\"elementor-accordion-item\">\n\t\t\t\t\t<h6 id=\"elementor-tab-title-1353\" class=\"elementor-tab-title\" data-tab=\"3\" role=\"button\" aria-controls=\"elementor-tab-content-1353\" aria-expanded=\"false\">\n\t\t\t\t\t\t\t\t\t\t\t\t\t<span class=\"elementor-accordion-icon elementor-accordion-icon-left\" aria-hidden=\"true\">\n\t\t\t\t\t\t\t\t\t\t\t\t\t\t\t<span class=\"elementor-accordion-icon-closed\"><i class=\"fas fa-plus\"><\/i><\/span>\n\t\t\t\t\t\t\t\t<span class=\"elementor-accordion-icon-opened\"><i class=\"fas fa-minus\"><\/i><\/span>\n\t\t\t\t\t\t\t\t\t\t\t\t\t\t<\/span>\n\t\t\t\t\t\t\t\t\t\t\t\t<a class=\"elementor-accordion-title\" tabindex=\"0\">How many days does the program last and how often should it be done?<\/a>\n\t\t\t\t\t<\/h6>\n\t\t\t\t\t<div id=\"elementor-tab-content-1353\" class=\"elementor-tab-content elementor-clearfix\" data-tab=\"3\" role=\"region\" aria-labelledby=\"elementor-tab-title-1353\"><p>The duration of the program can vary depending on individual needs. A period of 3\u20136 days is generally recommended. Repeating the program at regular intervals can provide more lasting benefits, especially for individuals experiencing intense toxin exposure.<\/p><\/div>\n\t\t\t\t<\/div>\n\t\t\t\t\t\t\t\t<\/div>\n\t\t\t\t\t\t<\/div>\n\t\t\t\t<\/div>\n\t\t\t\t\t<\/div>\n\t\t<\/div>\n\t\t\t\t<div class=\"elementor-column elementor-col-50 elementor-top-column elementor-element elementor-element-d5fc889 sc_content_align_inherit sc_layouts_column_icons_position_left sc_fly_static\" data-id=\"d5fc889\" data-element_type=\"column\">\n\t\t\t<div class=\"elementor-widget-wrap elementor-element-populated\">\n\t\t\t\t\t\t<section class=\"elementor-section elementor-inner-section elementor-element elementor-element-0c6f0e7 elementor-section-boxed elementor-section-height-default elementor-section-height-default wpr-particle-no wpr-jarallax-no wpr-parallax-no wpr-sticky-section-no sc_fly_static\" data-id=\"0c6f0e7\" data-element_type=\"section\" data-settings=\"{&quot;background_background&quot;:&quot;classic&quot;}\">\n\t\t\t\t\t\t<div class=\"elementor-container elementor-column-gap-no\">\n\t\t\t\t\t<div class=\"elementor-column elementor-col-100 elementor-inner-column elementor-element elementor-element-e2bca31 sc_content_align_inherit sc_layouts_column_icons_position_left sc_fly_static\" data-id=\"e2bca31\" data-element_type=\"column\" data-settings=\"{&quot;background_background&quot;:&quot;classic&quot;}\">\n\t\t\t<div class=\"elementor-widget-wrap elementor-element-populated\">\n\t\t\t\t\t\t<div class=\"elementor-element elementor-element-0a0327d no-title sc_fly_static elementor-widget elementor-widget-image\" data-id=\"0a0327d\" data-element_type=\"widget\" data-widget_type=\"image.default\">\n\t\t\t\t<div class=\"elementor-widget-container\">\n\t\t\t\t\t\t\t\t\t\t\t\t\t\t\t<img decoding=\"async\" src=\"https:\/\/www.revinawell.com\/wp-content\/uploads\/elementor\/thumbs\/Firefly_A-serene-wellness-spa-environment-with-a-salt-room-glowing-in-soft-white-light-a-per-65878-r8631fg7mc1tu9ctch1e9kbmeqofy5qhjwr6qk38fa.png\" title=\"Firefly_A serene wellness spa environment with a salt room glowing in soft white light, a per 65878\" alt=\"Firefly_A serene wellness spa environment with a salt room glowing in soft white light, a per 65878\" loading=\"lazy\" \/>\t\t\t\t\t\t\t\t\t\t\t\t\t\t\t<\/div>\n\t\t\t\t<\/div>\n\t\t\t\t\t<\/div>\n\t\t<\/div>\n\t\t\t\t\t<\/div>\n\t\t<\/section>\n\t\t\t\t\t<\/div>\n\t\t<\/div>\n\t\t\t\t\t<\/div>\n\t\t<\/section>\n\t\t\t\t<\/div>","protected":false},"excerpt":{"rendered":"<p>Nefesini Tazele, Zihnini Ar\u0131nd\u0131r \u015eehir hayat\u0131n\u0131n getirdi\u011fi hava kirlili\u011fi, sigara duman\u0131, toksinlere maruz kalma ve kronik stres gibi fakt\u00f6rler zamanla solunum sistemimizi yorar, akci\u011fer kapasitesini d\u00fc\u015f\u00fcr\u00fcr ve genel v\u00fccut sa\u011fl\u0131\u011f\u0131n\u0131&hellip;<\/p>","protected":false},"author":1,"featured_media":0,"parent":0,"menu_order":0,"comment_status":"closed","ping_status":"closed","template":"","meta":{"footnotes":""},"class_list":["post-42944","page","type-page","status-publish","hentry"],"_links":{"self":[{"href":"https:\/\/www.revinawell.com\/en\/wp-json\/wp\/v2\/pages\/42944","targetHints":{"allow":["GET"]}}],"collection":[{"href":"https:\/\/www.revinawell.com\/en\/wp-json\/wp\/v2\/pages"}],"about":[{"href":"https:\/\/www.revinawell.com\/en\/wp-json\/wp\/v2\/types\/page"}],"author":[{"embeddable":true,"href":"https:\/\/www.revinawell.com\/en\/wp-json\/wp\/v2\/users\/1"}],"replies":[{"embeddable":true,"href":"https:\/\/www.revinawell.com\/en\/wp-json\/wp\/v2\/comments?post=42944"}],"version-history":[{"count":13,"href":"https:\/\/www.revinawell.com\/en\/wp-json\/wp\/v2\/pages\/42944\/revisions"}],"predecessor-version":[{"id":43349,"href":"https:\/\/www.revinawell.com\/en\/wp-json\/wp\/v2\/pages\/42944\/revisions\/43349"}],"wp:attachment":[{"href":"https:\/\/www.revinawell.com\/en\/wp-json\/wp\/v2\/media?parent=42944"}],"curies":[{"name":"wp","href":"https:\/\/api.w.org\/{rel}","templated":true}]}}