{"id":42799,"date":"2025-04-30T17:44:23","date_gmt":"2025-04-30T17:44:23","guid":{"rendered":"https:\/\/www.revinawell.com\/?page_id=42799"},"modified":"2025-07-02T07:05:11","modified_gmt":"2025-07-02T07:05:11","slug":"bagisiklik-guclendirme","status":"publish","type":"page","link":"https:\/\/www.revinawell.com\/en\/bagisiklik-guclendirme\/","title":{"rendered":"Immunity Strengthening Program"},"content":{"rendered":"<div data-elementor-type=\"wp-page\" data-elementor-id=\"42799\" class=\"elementor elementor-42799\">\n\t\t\t\t\t\t<section class=\"elementor-section elementor-top-section elementor-element elementor-element-94b7dee elementor-section-full_width elementor-section-height-default elementor-section-height-default wpr-particle-no wpr-jarallax-no wpr-parallax-no wpr-sticky-section-no sc_fly_static\" data-id=\"94b7dee\" data-element_type=\"section\">\n\t\t\t\t\t\t<div class=\"elementor-container elementor-column-gap-extended\">\n\t\t\t\t\t<div class=\"elementor-column elementor-col-100 elementor-top-column elementor-element elementor-element-53436ef sc_content_align_inherit sc_layouts_column_icons_position_left sc_fly_static\" data-id=\"53436ef\" data-element_type=\"column\">\n\t\t\t<div class=\"elementor-widget-wrap elementor-element-populated\">\n\t\t\t\t\t\t<div class=\"elementor-element elementor-element-3607503 sc_height_small sc_layouts_hide_on_tablet sc_layouts_hide_on_mobile sc_fly_static elementor-widget elementor-widget-spacer\" data-id=\"3607503\" data-element_type=\"widget\" data-widget_type=\"spacer.default\">\n\t\t\t\t<div class=\"elementor-widget-container\">\n\t\t\t\t\t\t\t<div class=\"elementor-spacer\">\n\t\t\t<div class=\"elementor-spacer-inner\"><\/div>\n\t\t<\/div>\n\t\t\t\t\t\t<\/div>\n\t\t\t\t<\/div>\n\t\t\t\t<div class=\"elementor-element elementor-element-57b0c92 sc_fly_static elementor-widget elementor-widget-spacer\" data-id=\"57b0c92\" data-element_type=\"widget\" data-widget_type=\"spacer.default\">\n\t\t\t\t<div class=\"elementor-widget-container\">\n\t\t\t\t\t\t\t<div class=\"elementor-spacer\">\n\t\t\t<div class=\"elementor-spacer-inner\"><\/div>\n\t\t<\/div>\n\t\t\t\t\t\t<\/div>\n\t\t\t\t<\/div>\n\t\t\t\t<div data-animation-type=\"block\" class=\"elementor-element elementor-element-b91bd40 animated-slow elementor-widget-tablet__width-initial animation_type_block sc_fly_static elementor-invisible elementor-widget elementor-widget-trx_sc_title\" data-id=\"b91bd40\" data-element_type=\"widget\" data-settings=\"{&quot;_animation&quot;:&quot;beyoga-fadeinup&quot;}\" data-widget_type=\"trx_sc_title.default\">\n\t\t\t\t<div class=\"elementor-widget-container\">\n\t\t\t\t\t<div\t\tclass=\"sc_title sc_title_default\" ><h1 class=\"sc_item_title sc_title_title sc_item_title_style_default sc_item_title_tag\"\n\t\t\t><span class=\"sc_item_title_text\">Strengthen Your Immunity, \n<span class=\"gradient_anim\">Redefine Your Resilience<\/span><\/span><\/h1><\/div>\t\t\t\t<\/div>\n\t\t\t\t<\/div>\n\t\t\t\t<div class=\"elementor-element elementor-element-4fef7ce sc_fly_static elementor-widget elementor-widget-spacer\" data-id=\"4fef7ce\" data-element_type=\"widget\" data-widget_type=\"spacer.default\">\n\t\t\t\t<div class=\"elementor-widget-container\">\n\t\t\t\t\t\t\t<div class=\"elementor-spacer\">\n\t\t\t<div class=\"elementor-spacer-inner\"><\/div>\n\t\t<\/div>\n\t\t\t\t\t\t<\/div>\n\t\t\t\t<\/div>\n\t\t\t\t\t<\/div>\n\t\t<\/div>\n\t\t\t\t\t<\/div>\n\t\t<\/section>\n\t\t\t\t<section class=\"elementor-section elementor-top-section elementor-element elementor-element-a3dde30 elementor-section-boxed elementor-section-height-default elementor-section-height-default wpr-particle-no wpr-jarallax-no wpr-parallax-no wpr-sticky-section-no sc_fly_static\" data-id=\"a3dde30\" data-element_type=\"section\">\n\t\t\t\t\t\t<div class=\"elementor-container elementor-column-gap-extended\">\n\t\t\t\t\t<div class=\"elementor-column elementor-col-100 elementor-top-column elementor-element elementor-element-3b40d2f sc_content_align_inherit sc_layouts_column_icons_position_left sc_fly_static\" data-id=\"3b40d2f\" data-element_type=\"column\">\n\t\t\t<div class=\"elementor-widget-wrap elementor-element-populated\">\n\t\t\t\t\t\t<div class=\"elementor-element elementor-element-f2d3058 elementor-widget-tablet__width-initial sc_fly_static elementor-widget elementor-widget-image\" data-id=\"f2d3058\" data-element_type=\"widget\" data-widget_type=\"image.default\">\n\t\t\t\t<div class=\"elementor-widget-container\">\n\t\t\t\t\t\t\t\t\t\t\t\t\t\t\t<img fetchpriority=\"high\" decoding=\"async\" width=\"1024\" height=\"590\" src=\"https:\/\/www.revinawell.com\/wp-content\/uploads\/2025\/05\/Calisma-yuzeyi-4-1024x590.png\" class=\"attachment-large size-large wp-image-43151\" alt=\"\" srcset=\"https:\/\/www.revinawell.com\/wp-content\/uploads\/2025\/05\/Calisma-yuzeyi-4-1024x590.png 1024w, https:\/\/www.revinawell.com\/wp-content\/uploads\/2025\/05\/Calisma-yuzeyi-4-300x173.png 300w, https:\/\/www.revinawell.com\/wp-content\/uploads\/2025\/05\/Calisma-yuzeyi-4-768x443.png 768w, https:\/\/www.revinawell.com\/wp-content\/uploads\/2025\/05\/Calisma-yuzeyi-4-370x213.png 370w, https:\/\/www.revinawell.com\/wp-content\/uploads\/2025\/05\/Calisma-yuzeyi-4-840x484.png 840w, https:\/\/www.revinawell.com\/wp-content\/uploads\/2025\/05\/Calisma-yuzeyi-4-410x236.png 410w, https:\/\/www.revinawell.com\/wp-content\/uploads\/2025\/05\/Calisma-yuzeyi-4-600x346.png 600w, https:\/\/www.revinawell.com\/wp-content\/uploads\/2025\/05\/Calisma-yuzeyi-4.png 1344w\" sizes=\"(max-width: 1024px) 100vw, 1024px\" \/>\t\t\t\t\t\t\t\t\t\t\t\t\t\t\t<\/div>\n\t\t\t\t<\/div>\n\t\t\t\t\t<\/div>\n\t\t<\/div>\n\t\t\t\t\t<\/div>\n\t\t<\/section>\n\t\t\t\t<section class=\"elementor-section elementor-top-section elementor-element elementor-element-adaba08 elementor-section-boxed elementor-section-height-default elementor-section-height-default wpr-particle-no wpr-jarallax-no wpr-parallax-no wpr-sticky-section-no sc_fly_static\" data-id=\"adaba08\" data-element_type=\"section\">\n\t\t\t\t\t\t<div class=\"elementor-container elementor-column-gap-extended\">\n\t\t\t\t\t<div class=\"elementor-column elementor-col-100 elementor-top-column elementor-element elementor-element-8c5e19e sc_content_align_inherit sc_layouts_column_icons_position_left sc_fly_static\" data-id=\"8c5e19e\" data-element_type=\"column\">\n\t\t\t<div class=\"elementor-widget-wrap elementor-element-populated\">\n\t\t\t\t\t\t<div class=\"elementor-element elementor-element-960def7 sc_height_small sc_fly_static elementor-widget elementor-widget-spacer\" data-id=\"960def7\" data-element_type=\"widget\" data-widget_type=\"spacer.default\">\n\t\t\t\t<div class=\"elementor-widget-container\">\n\t\t\t\t\t\t\t<div class=\"elementor-spacer\">\n\t\t\t<div class=\"elementor-spacer-inner\"><\/div>\n\t\t<\/div>\n\t\t\t\t\t\t<\/div>\n\t\t\t\t<\/div>\n\t\t\t\t\t<\/div>\n\t\t<\/div>\n\t\t\t\t\t<\/div>\n\t\t<\/section>\n\t\t\t\t<section class=\"elementor-section elementor-top-section elementor-element elementor-element-75c86e7 elementor-section-boxed elementor-section-height-default elementor-section-height-default wpr-particle-no wpr-jarallax-no wpr-parallax-no wpr-sticky-section-no sc_fly_static\" data-id=\"75c86e7\" data-element_type=\"section\">\n\t\t\t\t\t\t<div class=\"elementor-container elementor-column-gap-extended\">\n\t\t\t\t\t<div class=\"elementor-column elementor-col-100 elementor-top-column elementor-element elementor-element-aab5faf sc_content_align_inherit sc_layouts_column_icons_position_left sc_fly_static\" data-id=\"aab5faf\" data-element_type=\"column\">\n\t\t\t<div class=\"elementor-widget-wrap elementor-element-populated\">\n\t\t\t\t\t\t<div class=\"elementor-element elementor-element-c6d1494 sc_fly_static elementor-widget elementor-widget-text-editor\" data-id=\"c6d1494\" data-element_type=\"widget\" data-widget_type=\"text-editor.default\">\n\t\t\t\t<div class=\"elementor-widget-container\">\n\t\t\t\t\t\t\t\t\t<p class=\"\" style=\"caret-color: #000000; color: #000000; font-style: normal;\" data-start=\"3424\" data-end=\"3626\"><strong><em>A strong immune system is the first line of defense for our health.<\/em><\/strong><\/p><p data-start=\"558\" data-end=\"833\">The pace of daily life, external environmental factors and internal imbalances can weaken our immune system over time. Irregular sleep, poor nutrition, chronic stress not only reduce our energy levels but also suppress the body&#039;s defense mechanism.<\/p><p data-start=\"835\" data-end=\"1119\">The Immune Strengthening Program we offer as Revina Wellbeing is structured to support and strengthen this system. The program focuses on rebalancing physical capacity, completing deficient vitamins and minerals, and regulating lifestyle factors.<\/p><p data-start=\"1121\" data-end=\"1382\">Nutritional plans are enriched with antioxidants and essential micronutrients that support the immune system.<\/p><p data-start=\"372\" data-end=\"726\">The IV Vitality Cures at the center of the program are planned specifically for the individual\u2019s needs in line with their blood values and general health status to support the immune system at the cellular level. Special serums such as glutathione, vitamin C and NAD+ directly affect the body, contributing to the activity of immune cells, regulating energy metabolism and helping to control inflammation.<\/p><p data-start=\"728\" data-end=\"902\">This <strong data-start=\"731\" data-end=\"752\">holistic approach<\/strong>, aims to provide a balanced and sustainable state of well-being by targeting not only the symptoms but also the basic dynamics that affect the immune system.<\/p><p data-start=\"728\" data-end=\"902\">If you are ready, let&#039;s rebuild your body&#039;s defense mechanisms together.<\/p>\t\t\t\t\t\t\t\t<\/div>\n\t\t\t\t<\/div>\n\t\t\t\t\t<\/div>\n\t\t<\/div>\n\t\t\t\t\t<\/div>\n\t\t<\/section>\n\t\t\t\t<section class=\"elementor-section elementor-top-section elementor-element elementor-element-0497b88 scheme_default elementor-section-boxed elementor-section-height-default elementor-section-height-default wpr-particle-no wpr-jarallax-no wpr-parallax-no wpr-sticky-section-no sc_fly_static\" data-id=\"0497b88\" data-element_type=\"section\" data-settings=\"{&quot;background_background&quot;:&quot;classic&quot;}\">\n\t\t\t\t\t\t<div class=\"elementor-container elementor-column-gap-extended\">\n\t\t\t\t\t<div class=\"elementor-column elementor-col-100 elementor-top-column elementor-element elementor-element-7e54372 sc_content_align_inherit sc_layouts_column_icons_position_left sc_fly_static\" data-id=\"7e54372\" data-element_type=\"column\">\n\t\t\t<div class=\"elementor-widget-wrap elementor-element-populated\">\n\t\t\t\t\t\t<div class=\"elementor-element elementor-element-13fb8a3 sc_height_huge sc_fly_static elementor-widget elementor-widget-spacer\" data-id=\"13fb8a3\" data-element_type=\"widget\" data-widget_type=\"spacer.default\">\n\t\t\t\t<div class=\"elementor-widget-container\">\n\t\t\t\t\t\t\t<div class=\"elementor-spacer\">\n\t\t\t<div class=\"elementor-spacer-inner\"><\/div>\n\t\t<\/div>\n\t\t\t\t\t\t<\/div>\n\t\t\t\t<\/div>\n\t\t\t\t\t<\/div>\n\t\t<\/div>\n\t\t\t\t\t<\/div>\n\t\t<\/section>\n\t\t\t\t<section class=\"elementor-section elementor-top-section elementor-element elementor-element-97cc921 scheme_default elementor-section-boxed elementor-section-height-default elementor-section-height-default wpr-particle-no wpr-jarallax-no wpr-parallax-no wpr-sticky-section-no sc_fly_static\" data-id=\"97cc921\" data-element_type=\"section\" data-settings=\"{&quot;background_background&quot;:&quot;classic&quot;}\">\n\t\t\t\t\t\t<div class=\"elementor-container elementor-column-gap-extended\">\n\t\t\t\t\t<div class=\"elementor-column elementor-col-50 elementor-top-column elementor-element elementor-element-0b2e76f sc_content_align_inherit sc_layouts_column_icons_position_left sc_fly_static\" data-id=\"0b2e76f\" data-element_type=\"column\">\n\t\t\t<div class=\"elementor-widget-wrap elementor-element-populated\">\n\t\t\t\t\t\t<div class=\"elementor-element elementor-element-606d851 sc_layouts_hide_on_tablet sc_layouts_hide_on_mobile sc_fly_static elementor-widget elementor-widget-spacer\" data-id=\"606d851\" data-element_type=\"widget\" data-widget_type=\"spacer.default\">\n\t\t\t\t<div class=\"elementor-widget-container\">\n\t\t\t\t\t\t\t<div class=\"elementor-spacer\">\n\t\t\t<div class=\"elementor-spacer-inner\"><\/div>\n\t\t<\/div>\n\t\t\t\t\t\t<\/div>\n\t\t\t\t<\/div>\n\t\t\t\t<div class=\"elementor-element elementor-element-6b9061e sc_fly_static elementor-widget elementor-widget-spacer\" data-id=\"6b9061e\" data-element_type=\"widget\" data-widget_type=\"spacer.default\">\n\t\t\t\t<div class=\"elementor-widget-container\">\n\t\t\t\t\t\t\t<div class=\"elementor-spacer\">\n\t\t\t<div class=\"elementor-spacer-inner\"><\/div>\n\t\t<\/div>\n\t\t\t\t\t\t<\/div>\n\t\t\t\t<\/div>\n\t\t\t\t<div class=\"elementor-element elementor-element-4e90bd8 sc_fly_static elementor-widget elementor-widget-trx_sc_title\" data-id=\"4e90bd8\" data-element_type=\"widget\" data-widget_type=\"trx_sc_title.default\">\n\t\t\t\t<div class=\"elementor-widget-container\">\n\t\t\t\t\t<div\t\tclass=\"sc_title sc_title_default\" ><h1 class=\"sc_item_title sc_title_title sc_item_title_style_default sc_item_title_tag\"\n\t\t\t><span class=\"sc_item_title_text\">Most Curious Questions<\/span><\/h1><\/div>\t\t\t\t<\/div>\n\t\t\t\t<\/div>\n\t\t\t\t<div class=\"elementor-element elementor-element-d2ed214 sc_fly_static elementor-widget elementor-widget-spacer\" data-id=\"d2ed214\" data-element_type=\"widget\" data-widget_type=\"spacer.default\">\n\t\t\t\t<div class=\"elementor-widget-container\">\n\t\t\t\t\t\t\t<div class=\"elementor-spacer\">\n\t\t\t<div class=\"elementor-spacer-inner\"><\/div>\n\t\t<\/div>\n\t\t\t\t\t\t<\/div>\n\t\t\t\t<\/div>\n\t\t\t\t<div class=\"elementor-element elementor-element-c5a3fb5 bordered sc_fly_static elementor-widget elementor-widget-accordion\" data-id=\"c5a3fb5\" data-element_type=\"widget\" data-widget_type=\"accordion.default\">\n\t\t\t\t<div class=\"elementor-widget-container\">\n\t\t\t\t\t\t\t<div class=\"elementor-accordion\">\n\t\t\t\t\t\t\t<div class=\"elementor-accordion-item\">\n\t\t\t\t\t<h6 id=\"elementor-tab-title-2071\" class=\"elementor-tab-title\" data-tab=\"1\" role=\"button\" aria-controls=\"elementor-tab-content-2071\" aria-expanded=\"false\">\n\t\t\t\t\t\t\t\t\t\t\t\t\t<span class=\"elementor-accordion-icon elementor-accordion-icon-left\" aria-hidden=\"true\">\n\t\t\t\t\t\t\t\t\t\t\t\t\t\t\t<span class=\"elementor-accordion-icon-closed\"><i class=\"fas fa-plus\"><\/i><\/span>\n\t\t\t\t\t\t\t\t<span class=\"elementor-accordion-icon-opened\"><i class=\"fas fa-minus\"><\/i><\/span>\n\t\t\t\t\t\t\t\t\t\t\t\t\t\t<\/span>\n\t\t\t\t\t\t\t\t\t\t\t\t<a class=\"elementor-accordion-title\" tabindex=\"0\"> Why do I need a special program to strengthen my immune system?<\/a>\n\t\t\t\t\t<\/h6>\n\t\t\t\t\t<div id=\"elementor-tab-content-2071\" class=\"elementor-tab-content elementor-clearfix\" data-tab=\"1\" role=\"region\" aria-labelledby=\"elementor-tab-title-2071\"><p>Many factors in daily life such as inadequate nutrition, sleep disorders, stress and inactivity can weaken the immune system. The Immune Strengthening Program addresses these factors as a whole and offers you a special roadmap. It rebuilds your body&#039;s defense system with the right nutrients, supportive habits and controlled exercises.<\/p><\/div>\n\t\t\t\t<\/div>\n\t\t\t\t\t\t\t<div class=\"elementor-accordion-item\">\n\t\t\t\t\t<h6 id=\"elementor-tab-title-2072\" class=\"elementor-tab-title\" data-tab=\"2\" role=\"button\" aria-controls=\"elementor-tab-content-2072\" aria-expanded=\"false\">\n\t\t\t\t\t\t\t\t\t\t\t\t\t<span class=\"elementor-accordion-icon elementor-accordion-icon-left\" aria-hidden=\"true\">\n\t\t\t\t\t\t\t\t\t\t\t\t\t\t\t<span class=\"elementor-accordion-icon-closed\"><i class=\"fas fa-plus\"><\/i><\/span>\n\t\t\t\t\t\t\t\t<span class=\"elementor-accordion-icon-opened\"><i class=\"fas fa-minus\"><\/i><\/span>\n\t\t\t\t\t\t\t\t\t\t\t\t\t\t<\/span>\n\t\t\t\t\t\t\t\t\t\t\t\t<a class=\"elementor-accordion-title\" tabindex=\"0\">Does this program only include vitamin supplements?<\/a>\n\t\t\t\t\t<\/h6>\n\t\t\t\t\t<div id=\"elementor-tab-content-2072\" class=\"elementor-tab-content elementor-clearfix\" data-tab=\"2\" role=\"region\" aria-labelledby=\"elementor-tab-title-2072\"><p class=\"\" data-start=\"735\" data-end=\"1051\">No, the program is not just focused on supplements. Vitamin and mineral supplements are just one part. The main focus is on naturally strengthening the immune system, supporting gut health, creating an anti-inflammatory nutrition plan and reducing the effects of chronic stress. The power of the program comes from its holistic approach.<\/p><\/div>\n\t\t\t\t<\/div>\n\t\t\t\t\t\t\t<div class=\"elementor-accordion-item\">\n\t\t\t\t\t<h6 id=\"elementor-tab-title-2073\" class=\"elementor-tab-title\" data-tab=\"3\" role=\"button\" aria-controls=\"elementor-tab-content-2073\" aria-expanded=\"false\">\n\t\t\t\t\t\t\t\t\t\t\t\t\t<span class=\"elementor-accordion-icon elementor-accordion-icon-left\" aria-hidden=\"true\">\n\t\t\t\t\t\t\t\t\t\t\t\t\t\t\t<span class=\"elementor-accordion-icon-closed\"><i class=\"fas fa-plus\"><\/i><\/span>\n\t\t\t\t\t\t\t\t<span class=\"elementor-accordion-icon-opened\"><i class=\"fas fa-minus\"><\/i><\/span>\n\t\t\t\t\t\t\t\t\t\t\t\t\t\t<\/span>\n\t\t\t\t\t\t\t\t\t\t\t\t<a class=\"elementor-accordion-title\" tabindex=\"0\">How soon will I start to feel the effects?<\/a>\n\t\t\t\t\t<\/h6>\n\t\t\t\t\t<div id=\"elementor-tab-content-2073\" class=\"elementor-tab-content elementor-clearfix\" data-tab=\"3\" role=\"region\" aria-labelledby=\"elementor-tab-title-2073\"><p>In the first few weeks, symptoms such as increased energy, improved sleep quality and ease in digestion can be observed. However, the immune system is not strengthened all at once, but with a steady support process. It is recommended to apply the program for 6-8 weeks and it is beneficial to repeat it during seasonal transitions.<\/p><\/div>\n\t\t\t\t<\/div>\n\t\t\t\t\t\t\t\t<\/div>\n\t\t\t\t\t\t<\/div>\n\t\t\t\t<\/div>\n\t\t\t\t\t<\/div>\n\t\t<\/div>\n\t\t\t\t<div class=\"elementor-column elementor-col-50 elementor-top-column elementor-element elementor-element-55ae50a sc_content_align_inherit sc_layouts_column_icons_position_left sc_fly_static\" data-id=\"55ae50a\" data-element_type=\"column\">\n\t\t\t<div class=\"elementor-widget-wrap elementor-element-populated\">\n\t\t\t\t\t\t<section class=\"elementor-section elementor-inner-section elementor-element elementor-element-3d8ed6f elementor-section-boxed elementor-section-height-default elementor-section-height-default wpr-particle-no wpr-jarallax-no wpr-parallax-no wpr-sticky-section-no sc_fly_static\" data-id=\"3d8ed6f\" data-element_type=\"section\" data-settings=\"{&quot;background_background&quot;:&quot;classic&quot;}\">\n\t\t\t\t\t\t<div class=\"elementor-container elementor-column-gap-no\">\n\t\t\t\t\t<div class=\"elementor-column elementor-col-100 elementor-inner-column elementor-element elementor-element-dc9710b sc_content_align_inherit sc_layouts_column_icons_position_left sc_fly_static\" data-id=\"dc9710b\" data-element_type=\"column\" data-settings=\"{&quot;background_background&quot;:&quot;classic&quot;}\">\n\t\t\t<div class=\"elementor-widget-wrap elementor-element-populated\">\n\t\t\t\t\t\t<div class=\"elementor-element elementor-element-e313849 no-title sc_fly_static elementor-widget elementor-widget-image\" data-id=\"e313849\" data-element_type=\"widget\" data-widget_type=\"image.default\">\n\t\t\t\t<div class=\"elementor-widget-container\">\n\t\t\t\t\t\t\t\t\t\t\t\t\t\t\t<img decoding=\"async\" src=\"https:\/\/www.revinawell.com\/wp-content\/uploads\/elementor\/thumbs\/young-women-playing-with-oranges-scaled-r554auev6qgdmd88oyoeckys5b3tv3qt4ta31maj52.jpg\" title=\"young-women-playing-with-oranges\" alt=\"young-women-playing-with-oranges\" loading=\"lazy\" \/>\t\t\t\t\t\t\t\t\t\t\t\t\t\t\t<\/div>\n\t\t\t\t<\/div>\n\t\t\t\t\t<\/div>\n\t\t<\/div>\n\t\t\t\t\t<\/div>\n\t\t<\/section>\n\t\t\t\t\t<\/div>\n\t\t<\/div>\n\t\t\t\t\t<\/div>\n\t\t<\/section>\n\t\t\t\t<section class=\"elementor-section elementor-top-section elementor-element elementor-element-a5de796 elementor-section-boxed elementor-section-height-default elementor-section-height-default wpr-particle-no wpr-jarallax-no wpr-parallax-no wpr-sticky-section-no sc_fly_static\" data-id=\"a5de796\" data-element_type=\"section\" data-settings=\"{&quot;background_background&quot;:&quot;classic&quot;}\">\n\t\t\t\t\t\t<div class=\"elementor-container elementor-column-gap-extended\">\n\t\t\t\t\t<div class=\"elementor-column elementor-col-100 elementor-top-column elementor-element elementor-element-06810fb sc_content_align_inherit sc_layouts_column_icons_position_left sc_fly_static\" data-id=\"06810fb\" data-element_type=\"column\">\n\t\t\t<div class=\"elementor-widget-wrap elementor-element-populated\">\n\t\t\t\t\t\t<div class=\"elementor-element elementor-element-0a5e41b sc_height_huge sc_fly_static elementor-widget elementor-widget-spacer\" data-id=\"0a5e41b\" data-element_type=\"widget\" data-widget_type=\"spacer.default\">\n\t\t\t\t<div class=\"elementor-widget-container\">\n\t\t\t\t\t\t\t<div class=\"elementor-spacer\">\n\t\t\t<div class=\"elementor-spacer-inner\"><\/div>\n\t\t<\/div>\n\t\t\t\t\t\t<\/div>\n\t\t\t\t<\/div>\n\t\t\t\t\t<\/div>\n\t\t<\/div>\n\t\t\t\t\t<\/div>\n\t\t<\/section>\n\t\t\t\t<\/div>","protected":false},"excerpt":{"rendered":"<p>Ba\u011f\u0131\u015f\u0131kl\u0131\u011f\u0131n\u0131 G\u00fc\u00e7lendir, Direncini Yeniden Tan\u0131mla G\u00fc\u00e7l\u00fc bir ba\u011f\u0131\u015f\u0131kl\u0131k sistemi, sa\u011fl\u0131\u011f\u0131m\u0131z\u0131n ilk savunma hatt\u0131d\u0131r. G\u00fcnl\u00fck ya\u015fam\u0131n temposu, d\u0131\u015f \u00e7evresel fakt\u00f6rler ve i\u00e7sel dengesizlikler zamanla ba\u011f\u0131\u015f\u0131kl\u0131k sistemimizi zay\u0131flatabilir. D\u00fczensiz uyku, yetersiz beslenme,&hellip;<\/p>","protected":false},"author":1,"featured_media":0,"parent":0,"menu_order":0,"comment_status":"closed","ping_status":"closed","template":"","meta":{"footnotes":""},"class_list":["post-42799","page","type-page","status-publish","hentry"],"_links":{"self":[{"href":"https:\/\/www.revinawell.com\/en\/wp-json\/wp\/v2\/pages\/42799","targetHints":{"allow":["GET"]}}],"collection":[{"href":"https:\/\/www.revinawell.com\/en\/wp-json\/wp\/v2\/pages"}],"about":[{"href":"https:\/\/www.revinawell.com\/en\/wp-json\/wp\/v2\/types\/page"}],"author":[{"embeddable":true,"href":"https:\/\/www.revinawell.com\/en\/wp-json\/wp\/v2\/users\/1"}],"replies":[{"embeddable":true,"href":"https:\/\/www.revinawell.com\/en\/wp-json\/wp\/v2\/comments?post=42799"}],"version-history":[{"count":14,"href":"https:\/\/www.revinawell.com\/en\/wp-json\/wp\/v2\/pages\/42799\/revisions"}],"predecessor-version":[{"id":43158,"href":"https:\/\/www.revinawell.com\/en\/wp-json\/wp\/v2\/pages\/42799\/revisions\/43158"}],"wp:attachment":[{"href":"https:\/\/www.revinawell.com\/en\/wp-json\/wp\/v2\/media?parent=42799"}],"curies":[{"name":"wp","href":"https:\/\/api.w.org\/{rel}","templated":true}]}}