{"id":42778,"date":"2025-04-30T14:54:43","date_gmt":"2025-04-30T14:54:43","guid":{"rendered":"https:\/\/www.revinawell.com\/?page_id=42778"},"modified":"2025-07-02T07:04:10","modified_gmt":"2025-07-02T07:04:10","slug":"detoks-programlari","status":"publish","type":"page","link":"https:\/\/www.revinawell.com\/en\/detoks-programlari\/","title":{"rendered":"Detox Programs"},"content":{"rendered":"<div data-elementor-type=\"wp-page\" data-elementor-id=\"42778\" class=\"elementor elementor-42778\">\n\t\t\t\t\t\t<section class=\"elementor-section elementor-top-section elementor-element elementor-element-94b7dee elementor-section-full_width elementor-section-height-default elementor-section-height-default wpr-particle-no wpr-jarallax-no wpr-parallax-no wpr-sticky-section-no sc_fly_static\" data-id=\"94b7dee\" data-element_type=\"section\">\n\t\t\t\t\t\t<div class=\"elementor-container elementor-column-gap-extended\">\n\t\t\t\t\t<div class=\"elementor-column elementor-col-100 elementor-top-column elementor-element elementor-element-53436ef sc_content_align_inherit sc_layouts_column_icons_position_left sc_fly_static\" data-id=\"53436ef\" data-element_type=\"column\">\n\t\t\t<div class=\"elementor-widget-wrap elementor-element-populated\">\n\t\t\t\t\t\t<div class=\"elementor-element elementor-element-3607503 sc_height_small sc_layouts_hide_on_tablet sc_layouts_hide_on_mobile sc_fly_static elementor-widget elementor-widget-spacer\" data-id=\"3607503\" data-element_type=\"widget\" data-widget_type=\"spacer.default\">\n\t\t\t\t<div class=\"elementor-widget-container\">\n\t\t\t\t\t\t\t<div class=\"elementor-spacer\">\n\t\t\t<div class=\"elementor-spacer-inner\"><\/div>\n\t\t<\/div>\n\t\t\t\t\t\t<\/div>\n\t\t\t\t<\/div>\n\t\t\t\t<div class=\"elementor-element elementor-element-57b0c92 sc_fly_static elementor-widget elementor-widget-spacer\" data-id=\"57b0c92\" data-element_type=\"widget\" data-widget_type=\"spacer.default\">\n\t\t\t\t<div class=\"elementor-widget-container\">\n\t\t\t\t\t\t\t<div class=\"elementor-spacer\">\n\t\t\t<div class=\"elementor-spacer-inner\"><\/div>\n\t\t<\/div>\n\t\t\t\t\t\t<\/div>\n\t\t\t\t<\/div>\n\t\t\t\t<div data-animation-type=\"block\" class=\"elementor-element elementor-element-b91bd40 animated-slow elementor-widget-tablet__width-initial animation_type_block sc_fly_static elementor-invisible elementor-widget elementor-widget-trx_sc_title\" data-id=\"b91bd40\" data-element_type=\"widget\" data-settings=\"{&quot;_animation&quot;:&quot;beyoga-fadeinup&quot;}\" data-widget_type=\"trx_sc_title.default\">\n\t\t\t\t<div class=\"elementor-widget-container\">\n\t\t\t\t\t<div\t\tclass=\"sc_title sc_title_default\" ><h1 class=\"sc_item_title sc_title_title sc_item_title_style_default sc_item_title_tag\"\n\t\t\t><span class=\"sc_item_title_text\">Get Reacquainted with Your Body: \n<span class=\"gradient_anim\">Purify Deeply, Lighten Up, Renew<\/span><\/span><\/h1><\/div>\t\t\t\t<\/div>\n\t\t\t\t<\/div>\n\t\t\t\t<div class=\"elementor-element elementor-element-4fef7ce sc_fly_static elementor-widget elementor-widget-spacer\" data-id=\"4fef7ce\" data-element_type=\"widget\" data-widget_type=\"spacer.default\">\n\t\t\t\t<div class=\"elementor-widget-container\">\n\t\t\t\t\t\t\t<div class=\"elementor-spacer\">\n\t\t\t<div class=\"elementor-spacer-inner\"><\/div>\n\t\t<\/div>\n\t\t\t\t\t\t<\/div>\n\t\t\t\t<\/div>\n\t\t\t\t\t<\/div>\n\t\t<\/div>\n\t\t\t\t\t<\/div>\n\t\t<\/section>\n\t\t\t\t<section class=\"elementor-section elementor-top-section elementor-element elementor-element-a3dde30 elementor-section-boxed elementor-section-height-default elementor-section-height-default wpr-particle-no wpr-jarallax-no wpr-parallax-no wpr-sticky-section-no sc_fly_static\" data-id=\"a3dde30\" data-element_type=\"section\">\n\t\t\t\t\t\t<div class=\"elementor-container elementor-column-gap-extended\">\n\t\t\t\t\t<div class=\"elementor-column elementor-col-100 elementor-top-column elementor-element elementor-element-3b40d2f sc_content_align_inherit sc_layouts_column_icons_position_left sc_fly_static\" data-id=\"3b40d2f\" data-element_type=\"column\">\n\t\t\t<div class=\"elementor-widget-wrap elementor-element-populated\">\n\t\t\t\t\t\t<div class=\"elementor-element elementor-element-f2d3058 elementor-widget-tablet__width-initial sc_fly_static elementor-widget elementor-widget-image\" data-id=\"f2d3058\" data-element_type=\"widget\" data-widget_type=\"image.default\">\n\t\t\t\t<div class=\"elementor-widget-container\">\n\t\t\t\t\t\t\t\t\t\t\t\t\t\t\t<img fetchpriority=\"high\" decoding=\"async\" width=\"1024\" height=\"590\" src=\"https:\/\/www.revinawell.com\/wp-content\/uploads\/2025\/05\/Calisma-yuzeyi-10-1-1024x590.png\" class=\"attachment-large size-large wp-image-43142\" alt=\"\" srcset=\"https:\/\/www.revinawell.com\/wp-content\/uploads\/2025\/05\/Calisma-yuzeyi-10-1-1024x590.png 1024w, https:\/\/www.revinawell.com\/wp-content\/uploads\/2025\/05\/Calisma-yuzeyi-10-1-300x173.png 300w, https:\/\/www.revinawell.com\/wp-content\/uploads\/2025\/05\/Calisma-yuzeyi-10-1-768x443.png 768w, https:\/\/www.revinawell.com\/wp-content\/uploads\/2025\/05\/Calisma-yuzeyi-10-1-370x213.png 370w, https:\/\/www.revinawell.com\/wp-content\/uploads\/2025\/05\/Calisma-yuzeyi-10-1-840x484.png 840w, https:\/\/www.revinawell.com\/wp-content\/uploads\/2025\/05\/Calisma-yuzeyi-10-1-410x236.png 410w, https:\/\/www.revinawell.com\/wp-content\/uploads\/2025\/05\/Calisma-yuzeyi-10-1-600x346.png 600w, https:\/\/www.revinawell.com\/wp-content\/uploads\/2025\/05\/Calisma-yuzeyi-10-1.png 1344w\" sizes=\"(max-width: 1024px) 100vw, 1024px\" \/>\t\t\t\t\t\t\t\t\t\t\t\t\t\t\t<\/div>\n\t\t\t\t<\/div>\n\t\t\t\t\t<\/div>\n\t\t<\/div>\n\t\t\t\t\t<\/div>\n\t\t<\/section>\n\t\t\t\t<section class=\"elementor-section elementor-top-section elementor-element elementor-element-adaba08 elementor-section-boxed elementor-section-height-default elementor-section-height-default wpr-particle-no wpr-jarallax-no wpr-parallax-no wpr-sticky-section-no sc_fly_static\" data-id=\"adaba08\" data-element_type=\"section\">\n\t\t\t\t\t\t<div class=\"elementor-container elementor-column-gap-extended\">\n\t\t\t\t\t<div class=\"elementor-column elementor-col-100 elementor-top-column elementor-element elementor-element-8c5e19e sc_content_align_inherit sc_layouts_column_icons_position_left sc_fly_static\" data-id=\"8c5e19e\" data-element_type=\"column\">\n\t\t\t<div class=\"elementor-widget-wrap elementor-element-populated\">\n\t\t\t\t\t\t<div class=\"elementor-element elementor-element-960def7 sc_height_small sc_fly_static elementor-widget elementor-widget-spacer\" data-id=\"960def7\" data-element_type=\"widget\" data-widget_type=\"spacer.default\">\n\t\t\t\t<div class=\"elementor-widget-container\">\n\t\t\t\t\t\t\t<div class=\"elementor-spacer\">\n\t\t\t<div class=\"elementor-spacer-inner\"><\/div>\n\t\t<\/div>\n\t\t\t\t\t\t<\/div>\n\t\t\t\t<\/div>\n\t\t\t\t\t<\/div>\n\t\t<\/div>\n\t\t\t\t\t<\/div>\n\t\t<\/section>\n\t\t\t\t<section class=\"elementor-section elementor-top-section elementor-element elementor-element-75c86e7 elementor-section-boxed elementor-section-height-default elementor-section-height-default wpr-particle-no wpr-jarallax-no wpr-parallax-no wpr-sticky-section-no sc_fly_static\" data-id=\"75c86e7\" data-element_type=\"section\">\n\t\t\t\t\t\t<div class=\"elementor-container elementor-column-gap-extended\">\n\t\t\t\t\t<div class=\"elementor-column elementor-col-100 elementor-top-column elementor-element elementor-element-aab5faf sc_content_align_inherit sc_layouts_column_icons_position_left sc_fly_static\" data-id=\"aab5faf\" data-element_type=\"column\">\n\t\t\t<div class=\"elementor-widget-wrap elementor-element-populated\">\n\t\t\t\t\t\t<div class=\"elementor-element elementor-element-c6d1494 sc_fly_static elementor-widget elementor-widget-text-editor\" data-id=\"c6d1494\" data-element_type=\"widget\" data-widget_type=\"text-editor.default\">\n\t\t\t\t<div class=\"elementor-widget-container\">\n\t\t\t\t\t\t\t\t\t<p data-start=\"1401\" data-end=\"1581\"><strong data-start=\"1401\" data-end=\"1482\">Intense tempos, stress, environmental toxins and irregular life habits\u2026<\/strong><br data-start=\"1482\" data-end=\"1485\" \/>Over time, our body gives us signals: bloating, fatigue, trouble concentrating, sleep disturbances.<\/p><p data-start=\"1583\" data-end=\"1745\">Revina Wellbeing&#039;s Detox Program is not just a temporary cleanse; it helps you to restore physical and mental balance. <strong data-start=\"1715\" data-end=\"1745\">It&#039;s a healthy start.<\/strong><\/p><p data-start=\"1747\" data-end=\"2061\">Our Detox Program begins with a doctor&#039;s examination and detailed blood tests. In line with this medical evaluation, the most appropriate detox plan for your body is created with the help of a nutritionist. Personalized nutrition programs prepared with natural ingredients support cellular renewal while resting your digestive system.<\/p><p data-start=\"2063\" data-end=\"2240\">The methods used include liquid-based detox, intermittent fasting, and plant-based cleansing protocols. The most appropriate method for each of our clients is determined through detailed analysis.<\/p><p data-start=\"2242\" data-end=\"2400\">The detox process aims to relax not only your body but also your mind. Inner balance is supported with yoga, breathing exercises and meditation practices. At the end of the program, participants feel lighter, more energetic and more focused.<\/p><p data-start=\"2242\" data-end=\"2400\">Detox is not a diet; <strong>is a journey back to health.\u00a0<\/strong><\/p><p data-pm-slice=\"1 1 []\">\u00a0<\/p>\t\t\t\t\t\t\t\t<\/div>\n\t\t\t\t<\/div>\n\t\t\t\t\t<\/div>\n\t\t<\/div>\n\t\t\t\t\t<\/div>\n\t\t<\/section>\n\t\t\t\t<section class=\"elementor-section elementor-top-section elementor-element elementor-element-0497b88 scheme_default elementor-section-boxed elementor-section-height-default elementor-section-height-default wpr-particle-no wpr-jarallax-no wpr-parallax-no wpr-sticky-section-no sc_fly_static\" data-id=\"0497b88\" data-element_type=\"section\" data-settings=\"{&quot;background_background&quot;:&quot;classic&quot;}\">\n\t\t\t\t\t\t<div class=\"elementor-container elementor-column-gap-extended\">\n\t\t\t\t\t<div class=\"elementor-column elementor-col-100 elementor-top-column elementor-element elementor-element-7e54372 sc_content_align_inherit sc_layouts_column_icons_position_left sc_fly_static\" data-id=\"7e54372\" data-element_type=\"column\">\n\t\t\t<div class=\"elementor-widget-wrap elementor-element-populated\">\n\t\t\t\t\t\t<div class=\"elementor-element elementor-element-13fb8a3 sc_height_huge sc_fly_static elementor-widget elementor-widget-spacer\" data-id=\"13fb8a3\" data-element_type=\"widget\" data-widget_type=\"spacer.default\">\n\t\t\t\t<div class=\"elementor-widget-container\">\n\t\t\t\t\t\t\t<div class=\"elementor-spacer\">\n\t\t\t<div class=\"elementor-spacer-inner\"><\/div>\n\t\t<\/div>\n\t\t\t\t\t\t<\/div>\n\t\t\t\t<\/div>\n\t\t\t\t\t<\/div>\n\t\t<\/div>\n\t\t\t\t\t<\/div>\n\t\t<\/section>\n\t\t\t\t<section class=\"elementor-section elementor-top-section elementor-element elementor-element-97cc921 scheme_default elementor-section-boxed elementor-section-height-default elementor-section-height-default wpr-particle-no wpr-jarallax-no wpr-parallax-no wpr-sticky-section-no sc_fly_static\" data-id=\"97cc921\" data-element_type=\"section\" data-settings=\"{&quot;background_background&quot;:&quot;classic&quot;}\">\n\t\t\t\t\t\t<div class=\"elementor-container elementor-column-gap-extended\">\n\t\t\t\t\t<div class=\"elementor-column elementor-col-50 elementor-top-column elementor-element elementor-element-0b2e76f sc_content_align_inherit sc_layouts_column_icons_position_left sc_fly_static\" data-id=\"0b2e76f\" data-element_type=\"column\">\n\t\t\t<div class=\"elementor-widget-wrap elementor-element-populated\">\n\t\t\t\t\t\t<div class=\"elementor-element elementor-element-606d851 sc_layouts_hide_on_tablet sc_layouts_hide_on_mobile sc_fly_static elementor-widget elementor-widget-spacer\" data-id=\"606d851\" data-element_type=\"widget\" data-widget_type=\"spacer.default\">\n\t\t\t\t<div class=\"elementor-widget-container\">\n\t\t\t\t\t\t\t<div class=\"elementor-spacer\">\n\t\t\t<div class=\"elementor-spacer-inner\"><\/div>\n\t\t<\/div>\n\t\t\t\t\t\t<\/div>\n\t\t\t\t<\/div>\n\t\t\t\t<div class=\"elementor-element elementor-element-6b9061e sc_fly_static elementor-widget elementor-widget-spacer\" data-id=\"6b9061e\" data-element_type=\"widget\" data-widget_type=\"spacer.default\">\n\t\t\t\t<div class=\"elementor-widget-container\">\n\t\t\t\t\t\t\t<div class=\"elementor-spacer\">\n\t\t\t<div class=\"elementor-spacer-inner\"><\/div>\n\t\t<\/div>\n\t\t\t\t\t\t<\/div>\n\t\t\t\t<\/div>\n\t\t\t\t<div class=\"elementor-element elementor-element-4e90bd8 sc_fly_static elementor-widget elementor-widget-trx_sc_title\" data-id=\"4e90bd8\" data-element_type=\"widget\" data-widget_type=\"trx_sc_title.default\">\n\t\t\t\t<div class=\"elementor-widget-container\">\n\t\t\t\t\t<div\t\tclass=\"sc_title sc_title_default\" ><h1 class=\"sc_item_title sc_title_title sc_item_title_style_default sc_item_title_tag\"\n\t\t\t><span class=\"sc_item_title_text\">Most Curious Questions<\/span><\/h1><\/div>\t\t\t\t<\/div>\n\t\t\t\t<\/div>\n\t\t\t\t<div class=\"elementor-element elementor-element-d2ed214 sc_fly_static elementor-widget elementor-widget-spacer\" data-id=\"d2ed214\" data-element_type=\"widget\" data-widget_type=\"spacer.default\">\n\t\t\t\t<div class=\"elementor-widget-container\">\n\t\t\t\t\t\t\t<div class=\"elementor-spacer\">\n\t\t\t<div class=\"elementor-spacer-inner\"><\/div>\n\t\t<\/div>\n\t\t\t\t\t\t<\/div>\n\t\t\t\t<\/div>\n\t\t\t\t<div class=\"elementor-element elementor-element-c5a3fb5 bordered sc_fly_static elementor-widget elementor-widget-accordion\" data-id=\"c5a3fb5\" data-element_type=\"widget\" data-widget_type=\"accordion.default\">\n\t\t\t\t<div class=\"elementor-widget-container\">\n\t\t\t\t\t\t\t<div class=\"elementor-accordion\">\n\t\t\t\t\t\t\t<div class=\"elementor-accordion-item\">\n\t\t\t\t\t<h6 id=\"elementor-tab-title-2071\" class=\"elementor-tab-title\" data-tab=\"1\" role=\"button\" aria-controls=\"elementor-tab-content-2071\" aria-expanded=\"false\">\n\t\t\t\t\t\t\t\t\t\t\t\t\t<span class=\"elementor-accordion-icon elementor-accordion-icon-left\" aria-hidden=\"true\">\n\t\t\t\t\t\t\t\t\t\t\t\t\t\t\t<span class=\"elementor-accordion-icon-closed\"><i class=\"fas fa-plus\"><\/i><\/span>\n\t\t\t\t\t\t\t\t<span class=\"elementor-accordion-icon-opened\"><i class=\"fas fa-minus\"><\/i><\/span>\n\t\t\t\t\t\t\t\t\t\t\t\t\t\t<\/span>\n\t\t\t\t\t\t\t\t\t\t\t\t<a class=\"elementor-accordion-title\" tabindex=\"0\">Does the detox program mean starving?<\/a>\n\t\t\t\t\t<\/h6>\n\t\t\t\t\t<div id=\"elementor-tab-content-2071\" class=\"elementor-tab-content elementor-clearfix\" data-tab=\"1\" role=\"region\" aria-labelledby=\"elementor-tab-title-2071\"><p>Absolutely not. Detox programs aim to purify the body from toxins by supporting it with the right content instead of starving it with food. Our programs provide sufficient calories, vitamins and minerals. The purification process is designed without making you feel hungry or tiring your metabolism. In other words, detox is not starving; it is resting and repairing the body.<\/p><\/div>\n\t\t\t\t<\/div>\n\t\t\t\t\t\t\t<div class=\"elementor-accordion-item\">\n\t\t\t\t\t<h6 id=\"elementor-tab-title-2072\" class=\"elementor-tab-title\" data-tab=\"2\" role=\"button\" aria-controls=\"elementor-tab-content-2072\" aria-expanded=\"false\">\n\t\t\t\t\t\t\t\t\t\t\t\t\t<span class=\"elementor-accordion-icon elementor-accordion-icon-left\" aria-hidden=\"true\">\n\t\t\t\t\t\t\t\t\t\t\t\t\t\t\t<span class=\"elementor-accordion-icon-closed\"><i class=\"fas fa-plus\"><\/i><\/span>\n\t\t\t\t\t\t\t\t<span class=\"elementor-accordion-icon-opened\"><i class=\"fas fa-minus\"><\/i><\/span>\n\t\t\t\t\t\t\t\t\t\t\t\t\t\t<\/span>\n\t\t\t\t\t\t\t\t\t\t\t\t<a class=\"elementor-accordion-title\" tabindex=\"0\">Can anyone detox?<\/a>\n\t\t\t\t\t<\/h6>\n\t\t\t\t\t<div id=\"elementor-tab-content-2072\" class=\"elementor-tab-content elementor-clearfix\" data-tab=\"2\" role=\"region\" aria-labelledby=\"elementor-tab-title-2072\"><p>Detox programs are generally safe for healthy individuals, but in some special cases, personal evaluation is required. Pregnant women, nursing mothers, individuals with chronic diseases or metabolic disorders should get medical approval beforehand. Therefore, our programs are personalized considering the health history of the participants.<\/p><\/div>\n\t\t\t\t<\/div>\n\t\t\t\t\t\t\t<div class=\"elementor-accordion-item\">\n\t\t\t\t\t<h6 id=\"elementor-tab-title-2073\" class=\"elementor-tab-title\" data-tab=\"3\" role=\"button\" aria-controls=\"elementor-tab-content-2073\" aria-expanded=\"false\">\n\t\t\t\t\t\t\t\t\t\t\t\t\t<span class=\"elementor-accordion-icon elementor-accordion-icon-left\" aria-hidden=\"true\">\n\t\t\t\t\t\t\t\t\t\t\t\t\t\t\t<span class=\"elementor-accordion-icon-closed\"><i class=\"fas fa-plus\"><\/i><\/span>\n\t\t\t\t\t\t\t\t<span class=\"elementor-accordion-icon-opened\"><i class=\"fas fa-minus\"><\/i><\/span>\n\t\t\t\t\t\t\t\t\t\t\t\t\t\t<\/span>\n\t\t\t\t\t\t\t\t\t\t\t\t<a class=\"elementor-accordion-title\" tabindex=\"0\">What effects can I feel at the end of the detox program?<\/a>\n\t\t\t\t\t<\/h6>\n\t\t\t\t\t<div id=\"elementor-tab-content-2073\" class=\"elementor-tab-content elementor-clearfix\" data-tab=\"3\" role=\"region\" aria-labelledby=\"elementor-tab-title-2073\"><p>Participants typically begin to feel lighter, have increased energy levels, and have a more relaxed digestive system within the first few days. Commonly reported effects include brightening of the skin, reduced bloating, and improved sleep quality. At the end of the detox, it\u2019s possible to feel clearer and more balanced, not just physically but mentally as well.<\/p><\/div>\n\t\t\t\t<\/div>\n\t\t\t\t\t\t\t\t<\/div>\n\t\t\t\t\t\t<\/div>\n\t\t\t\t<\/div>\n\t\t\t\t\t<\/div>\n\t\t<\/div>\n\t\t\t\t<div class=\"elementor-column elementor-col-50 elementor-top-column elementor-element elementor-element-55ae50a sc_content_align_inherit sc_layouts_column_icons_position_left sc_fly_static\" data-id=\"55ae50a\" data-element_type=\"column\">\n\t\t\t<div class=\"elementor-widget-wrap elementor-element-populated\">\n\t\t\t\t\t\t<section class=\"elementor-section elementor-inner-section elementor-element elementor-element-3d8ed6f elementor-section-boxed elementor-section-height-default elementor-section-height-default wpr-particle-no wpr-jarallax-no wpr-parallax-no wpr-sticky-section-no sc_fly_static\" data-id=\"3d8ed6f\" data-element_type=\"section\" data-settings=\"{&quot;background_background&quot;:&quot;classic&quot;}\">\n\t\t\t\t\t\t<div class=\"elementor-container elementor-column-gap-no\">\n\t\t\t\t\t<div class=\"elementor-column elementor-col-100 elementor-inner-column elementor-element elementor-element-dc9710b sc_content_align_inherit sc_layouts_column_icons_position_left sc_fly_static\" data-id=\"dc9710b\" data-element_type=\"column\" data-settings=\"{&quot;background_background&quot;:&quot;classic&quot;}\">\n\t\t\t<div class=\"elementor-widget-wrap elementor-element-populated\">\n\t\t\t\t\t\t<div class=\"elementor-element elementor-element-e313849 no-title sc_fly_static elementor-widget elementor-widget-image\" data-id=\"e313849\" data-element_type=\"widget\" data-widget_type=\"image.default\">\n\t\t\t\t<div class=\"elementor-widget-container\">\n\t\t\t\t\t\t\t\t\t\t\t\t\t\t\t<img decoding=\"async\" src=\"https:\/\/www.revinawell.com\/wp-content\/uploads\/elementor\/thumbs\/happy-athletic-woman-pouring-fruit-smoothie-glass-kitchen-1-scaled-r554abm3e1qn65zjqqjuyppk9lohl5o6e88dg32eli.jpg\" title=\"Happy sportswoman pouring herself fruit smoothie in the kitchen.\" alt=\"Happy athletic woman pouring fruit smoothie in a glass in the kitchen.\" loading=\"lazy\" \/>\t\t\t\t\t\t\t\t\t\t\t\t\t\t\t<\/div>\n\t\t\t\t<\/div>\n\t\t\t\t\t<\/div>\n\t\t<\/div>\n\t\t\t\t\t<\/div>\n\t\t<\/section>\n\t\t\t\t\t<\/div>\n\t\t<\/div>\n\t\t\t\t\t<\/div>\n\t\t<\/section>\n\t\t\t\t<section class=\"elementor-section elementor-top-section elementor-element elementor-element-a5de796 elementor-section-boxed elementor-section-height-default elementor-section-height-default wpr-particle-no wpr-jarallax-no wpr-parallax-no wpr-sticky-section-no sc_fly_static\" data-id=\"a5de796\" data-element_type=\"section\" data-settings=\"{&quot;background_background&quot;:&quot;classic&quot;}\">\n\t\t\t\t\t\t<div class=\"elementor-container elementor-column-gap-extended\">\n\t\t\t\t\t<div class=\"elementor-column elementor-col-100 elementor-top-column elementor-element elementor-element-06810fb sc_content_align_inherit sc_layouts_column_icons_position_left sc_fly_static\" data-id=\"06810fb\" data-element_type=\"column\">\n\t\t\t<div class=\"elementor-widget-wrap elementor-element-populated\">\n\t\t\t\t\t\t<div class=\"elementor-element elementor-element-0a5e41b sc_height_huge sc_fly_static elementor-widget elementor-widget-spacer\" data-id=\"0a5e41b\" data-element_type=\"widget\" data-widget_type=\"spacer.default\">\n\t\t\t\t<div class=\"elementor-widget-container\">\n\t\t\t\t\t\t\t<div class=\"elementor-spacer\">\n\t\t\t<div class=\"elementor-spacer-inner\"><\/div>\n\t\t<\/div>\n\t\t\t\t\t\t<\/div>\n\t\t\t\t<\/div>\n\t\t\t\t\t<\/div>\n\t\t<\/div>\n\t\t\t\t\t<\/div>\n\t\t<\/section>\n\t\t\t\t<\/div>","protected":false},"excerpt":{"rendered":"<p>Bedeninle Yeniden Tan\u0131\u015f: Derinlemesine Ar\u0131n, Hafifle, Yenilen Yo\u011fun tempolar, stres, \u00e7evresel toksinler ve d\u00fczensiz ya\u015fam al\u0131\u015fkanl\u0131klar\u0131&#8230;Zamanla bedenimiz sinyaller verir: \u015fi\u015fkinlik, yorgunluk, odaklanma sorunu, uyku d\u00fczensizlikleri. Revina Wellbeing\u2019in Detoks Program\u0131, yaln\u0131zca&hellip;<\/p>","protected":false},"author":1,"featured_media":0,"parent":0,"menu_order":0,"comment_status":"closed","ping_status":"closed","template":"","meta":{"footnotes":""},"class_list":["post-42778","page","type-page","status-publish","hentry"],"_links":{"self":[{"href":"https:\/\/www.revinawell.com\/en\/wp-json\/wp\/v2\/pages\/42778","targetHints":{"allow":["GET"]}}],"collection":[{"href":"https:\/\/www.revinawell.com\/en\/wp-json\/wp\/v2\/pages"}],"about":[{"href":"https:\/\/www.revinawell.com\/en\/wp-json\/wp\/v2\/types\/page"}],"author":[{"embeddable":true,"href":"https:\/\/www.revinawell.com\/en\/wp-json\/wp\/v2\/users\/1"}],"replies":[{"embeddable":true,"href":"https:\/\/www.revinawell.com\/en\/wp-json\/wp\/v2\/comments?post=42778"}],"version-history":[{"count":16,"href":"https:\/\/www.revinawell.com\/en\/wp-json\/wp\/v2\/pages\/42778\/revisions"}],"predecessor-version":[{"id":43146,"href":"https:\/\/www.revinawell.com\/en\/wp-json\/wp\/v2\/pages\/42778\/revisions\/43146"}],"wp:attachment":[{"href":"https:\/\/www.revinawell.com\/en\/wp-json\/wp\/v2\/media?parent=42778"}],"curies":[{"name":"wp","href":"https:\/\/api.w.org\/{rel}","templated":true}]}}